{"id":23,"date":"2023-12-17T08:25:50","date_gmt":"2023-12-17T08:25:50","guid":{"rendered":"http:\/\/pixel-pionierin.de\/?page_id=23"},"modified":"2024-01-18T17:07:52","modified_gmt":"2024-01-18T17:07:52","slug":"about","status":"publish","type":"page","link":"https:\/\/pixel-pionierin.de\/?page_id=23","title":{"rendered":"about"},"content":{"rendered":"\n[et_pb_section fb_built=&#8220;1&#8243; _builder_version=&#8220;4.23.4&#8243; _module_preset=&#8220;default&#8220; global_colors_info=&#8220;{}&#8220;][et_pb_row _builder_version=&#8220;4.23.4&#8243; _module_preset=&#8220;default&#8220; custom_margin=&#8220;-34px|auto||auto||&#8220; global_colors_info=&#8220;{}&#8220;][et_pb_column type=&#8220;4_4&#8243; _builder_version=&#8220;4.23.4&#8243; _module_preset=&#8220;default&#8220; global_colors_info=&#8220;{}&#8220;][et_pb_text _builder_version=&#8220;4.23.4&#8243; _module_preset=&#8220;default&#8220; hover_enabled=&#8220;0&#8243; global_colors_info=&#8220;{}&#8220; sticky_enabled=&#8220;0&#8243;]<p>Hey Girls,<br \/><span>als Frau, die \u00fcber ein Jahrzehnt in der Webdesign- und Entwicklungsbranche gearbeitet hat, verstehe ich die Herausforderungen und Chancen, die in diesem technisch gepr\u00e4gten Feld liegen. Ich bin leidenschaftlich daran interessiert, andere junge Frauen zu ermutigen und zu unterst\u00fctzen, die sich technisch weiterbilden wollen. In meiner Arbeit mit Low Code Tools wie WordPress, Weblflow, Framer oder flutterflow, SEO und Online Marketing verbinde ich Kreativit\u00e4t mit technischem Know-how, um nicht nur \u00e4sthetisch ansprechende, sondern auch funktional \u00fcberzeugende Websites zu schaffen. Mein Ziel ist es, mein Wissen und meine Erfahrungen zu teilen, um andere Frauen zu inspirieren und zu bef\u00e4higen, ihren eigenen Weg in der Technikbranche zu finden und erfolgreich zu sein.<\/span><\/p>[\/et_pb_text][\/et_pb_column][\/et_pb_row][et_pb_row _builder_version=&#8220;4.23.4&#8243; _module_preset=&#8220;default&#8220; global_colors_info=&#8220;{}&#8220;][et_pb_column type=&#8220;4_4&#8243; _builder_version=&#8220;4.23.4&#8243; _module_preset=&#8220;default&#8220; global_colors_info=&#8220;{}&#8220;][et_pb_image src=&#8220;https:\/\/pixel-pionierin.de\/wp-content\/uploads\/2024\/01\/webdesign-uebermich-melaniereis.jpg&#8220; title_text=&#8220;webdesign-uebermich-melaniereis&#8220; _builder_version=&#8220;4.23.4&#8243; _module_preset=&#8220;default&#8220; global_colors_info=&#8220;{}&#8220;][\/et_pb_image][\/et_pb_column][\/et_pb_row][\/et_pb_section]\n","protected":false},"excerpt":{"rendered":"<p>Hey Girls,als Frau, die \u00fcber ein Jahrzehnt in der Webdesign- und Entwicklungsbranche gearbeitet hat, verstehe ich die Herausforderungen und Chancen, die in diesem technisch gepr\u00e4gten Feld liegen. Ich bin leidenschaftlich daran interessiert, andere junge Frauen zu ermutigen und zu unterst\u00fctzen, die sich technisch weiterbilden wollen. In meiner Arbeit mit Low Code Tools wie Wordpress, Weblflow, [&hellip;]<\/p>\n","protected":false},"author":1,"featured_media":0,"parent":0,"menu_order":0,"comment_status":"closed","ping_status":"closed","template":"","meta":{"_et_pb_use_builder":"on","_et_pb_old_content":"","_et_gb_content_width":"","footnotes":""},"class_list":["post-23","page","type-page","status-publish","hentry"],"_links":{"self":[{"href":"https:\/\/pixel-pionierin.de\/index.php?rest_route=\/wp\/v2\/pages\/23","targetHints":{"allow":["GET"]}}],"collection":[{"href":"https:\/\/pixel-pionierin.de\/index.php?rest_route=\/wp\/v2\/pages"}],"about":[{"href":"https:\/\/pixel-pionierin.de\/index.php?rest_route=\/wp\/v2\/types\/page"}],"author":[{"embeddable":true,"href":"https:\/\/pixel-pionierin.de\/index.php?rest_route=\/wp\/v2\/users\/1"}],"replies":[{"embeddable":true,"href":"https:\/\/pixel-pionierin.de\/index.php?rest_route=%2Fwp%2Fv2%2Fcomments&post=23"}],"version-history":[{"count":12,"href":"https:\/\/pixel-pionierin.de\/index.php?rest_route=\/wp\/v2\/pages\/23\/revisions"}],"predecessor-version":[{"id":106,"href":"https:\/\/pixel-pionierin.de\/index.php?rest_route=\/wp\/v2\/pages\/23\/revisions\/106"}],"wp:attachment":[{"href":"https:\/\/pixel-pionierin.de\/index.php?rest_route=%2Fwp%2Fv2%2Fmedia&parent=23"}],"curies":[{"name":"wp","href":"https:\/\/api.w.org\/{rel}","templated":true}]}}